{"id":113,"date":"2015-10-22T14:34:37","date_gmt":"2015-10-22T14:34:37","guid":{"rendered":"http:\/\/test.kriesi.at\/construction\/?page_id=113"},"modified":"2023-03-30T11:49:28","modified_gmt":"2023-03-30T16:49:28","slug":"proyecciones","status":"publish","type":"page","link":"https:\/\/dicolnox.com.co\/index.php\/service\/proyecciones\/","title":{"rendered":"Proyecciones"},"content":{"rendered":"<p><div  class='avia-slideshow av-eh6fl-810bc9aadd5ede266bf78a7864d95977 avia-slideshow-no scaling av_slideshow avia-fade-slider  avia-builder-el-0  el_before_av_one_full  avia-builder-el-first  av-slideshow-ui av-control-hidden av-no-slider-navigation av-hide-nav-arrows av-slideshow-autoplay av-loop-endless av-loop-manual-endless av-default-height-applied avia-slideshow-1' data-slideshow-options=\"{&quot;animation&quot;:&quot;fade&quot;,&quot;autoplay&quot;:true,&quot;loop_autoplay&quot;:&quot;endless&quot;,&quot;interval&quot;:5,&quot;loop_manual&quot;:&quot;manual-endless&quot;,&quot;autoplay_stopper&quot;:false,&quot;noNavigation&quot;:true,&quot;bg_slider&quot;:false,&quot;keep_padding&quot;:false,&quot;hoverpause&quot;:false,&quot;show_slide_delay&quot;:0}\"  itemprop=\"image\" itemscope=\"itemscope\" itemtype=\"https:\/\/schema.org\/ImageObject\" ><ul class='avia-slideshow-inner ' style='padding-bottom: 43.521388716677%;'><li  class='avia-slideshow-slide av-eh6fl-810bc9aadd5ede266bf78a7864d95977__0  av-single-slide slide-1 slide-odd'><div data-rel='slideshow-1' class='avia-slide-wrap '   ><img decoding=\"async\" class=\"wp-image-296 avia-img-lazy-loading-not-296\"  src=\"https:\/\/dicolnox.com.co\/wp-content\/uploads\/2022\/12\/ACERO_LAMINAS_INIXIDABLE.png\" width=\"1613\" height=\"702\" title='ACERO_LAMINAS_INIXIDABLE' alt=''  itemprop=\"thumbnailUrl\" srcset=\"https:\/\/dicolnox.com.co\/wp-content\/uploads\/2022\/12\/ACERO_LAMINAS_INIXIDABLE.png 1613w, https:\/\/dicolnox.com.co\/wp-content\/uploads\/2022\/12\/ACERO_LAMINAS_INIXIDABLE-600x261.png 600w, https:\/\/dicolnox.com.co\/wp-content\/uploads\/2022\/12\/ACERO_LAMINAS_INIXIDABLE-300x131.png 300w, https:\/\/dicolnox.com.co\/wp-content\/uploads\/2022\/12\/ACERO_LAMINAS_INIXIDABLE-1030x448.png 1030w, https:\/\/dicolnox.com.co\/wp-content\/uploads\/2022\/12\/ACERO_LAMINAS_INIXIDABLE-768x334.png 768w, https:\/\/dicolnox.com.co\/wp-content\/uploads\/2022\/12\/ACERO_LAMINAS_INIXIDABLE-1536x668.png 1536w, https:\/\/dicolnox.com.co\/wp-content\/uploads\/2022\/12\/ACERO_LAMINAS_INIXIDABLE-1500x653.png 1500w, https:\/\/dicolnox.com.co\/wp-content\/uploads\/2022\/12\/ACERO_LAMINAS_INIXIDABLE-705x307.png 705w, https:\/\/dicolnox.com.co\/wp-content\/uploads\/2022\/12\/ACERO_LAMINAS_INIXIDABLE-450x196.png 450w\" sizes=\"(max-width: 1613px) 100vw, 1613px\" \/><\/div><\/li><\/ul><\/div><br \/>\n\n<style type=\"text\/css\" data-created_by=\"avia_inline_auto\" id=\"style-css-av-3fv99l-97ce027d53ccbfcedea560110872d0f5\">\n#top .flex_column.av-3fv99l-97ce027d53ccbfcedea560110872d0f5{\nmargin-top:0px;\nmargin-bottom:0px;\n}\n.flex_column.av-3fv99l-97ce027d53ccbfcedea560110872d0f5{\n-webkit-border-radius:0px 0px 0px 0px;\n-moz-border-radius:0px 0px 0px 0px;\nborder-radius:0px 0px 0px 0px;\npadding:0px 0px 0px 0px;\n}\n.responsive #top #wrap_all .flex_column.av-3fv99l-97ce027d53ccbfcedea560110872d0f5{\nmargin-top:0px;\nmargin-bottom:0px;\n}\n<\/style>\n<div class='flex_column av-3fv99l-97ce027d53ccbfcedea560110872d0f5 av_one_full  avia-builder-el-1  el_after_av_slideshow  el_before_av_one_half  first flex_column_div av-animated-generic bottom-to-top av-zero-column-padding '     ><p>\n<style type=\"text\/css\" data-created_by=\"avia_inline_auto\" id=\"style-css-av-36c7q9-0549fd2ef5ded204152cb96397f7f946\">\n#top .av-special-heading.av-36c7q9-0549fd2ef5ded204152cb96397f7f946{\npadding-bottom:0;\n}\nbody .av-special-heading.av-36c7q9-0549fd2ef5ded204152cb96397f7f946 .av-special-heading-tag .heading-char{\nfont-size:25px;\n}\n.av-special-heading.av-36c7q9-0549fd2ef5ded204152cb96397f7f946 .av-subheading{\nfont-size:15px;\n}\n<\/style>\n<div  class='av-special-heading av-36c7q9-0549fd2ef5ded204152cb96397f7f946 av-special-heading-h2 blockquote modern-quote  avia-builder-el-2  el_before_av_hr  avia-builder-el-first '><h2 class='av-special-heading-tag'  itemprop=\"headline\"  >Proyecciones<\/h2><div class=\"special-heading-border\"><div class=\"special-heading-inner-border\"><\/div><\/div><\/div><br \/>\n\n<style type=\"text\/css\" data-created_by=\"avia_inline_auto\" id=\"style-css-av-34pund-eb761d67ca4110453960eab64fe7a936\">\n#top .hr.av-34pund-eb761d67ca4110453960eab64fe7a936{\nmargin-top:10px;\nmargin-bottom:10px;\n}\n.hr.av-34pund-eb761d67ca4110453960eab64fe7a936 .hr-inner{\nwidth:50px;\nborder-color:#efbb20;\n}\n<\/style>\n<div  class='hr av-34pund-eb761d67ca4110453960eab64fe7a936 hr-custom  avia-builder-el-3  el_after_av_heading  avia-builder-el-last  hr-left hr-icon-no'><span class='hr-inner inner-border-av-border-fat'><span class=\"hr-inner-style\"><\/span><\/span><\/div><\/p><\/div>\n<style type=\"text\/css\" data-created_by=\"avia_inline_auto\" id=\"style-css-av-1gm2td-e55187bc762745d0496fecfa61318229\">\n.flex_column.av-1gm2td-e55187bc762745d0496fecfa61318229{\n-webkit-border-radius:0px 0px 0px 0px;\n-moz-border-radius:0px 0px 0px 0px;\nborder-radius:0px 0px 0px 0px;\npadding:0px 0px 0px 0px;\n}\n<\/style>\n<div class='flex_column av-1gm2td-e55187bc762745d0496fecfa61318229 av_one_half  avia-builder-el-4  el_after_av_one_full  el_before_av_one_half  first flex_column_div av-animated-generic bottom-to-top av-zero-column-padding column-top-margin'     ><section  class='av_textblock_section av-wpasx-e89785488041b6f4046cef09d8a69007'  itemscope=\"itemscope\" itemtype=\"https:\/\/schema.org\/CreativeWork\" ><div class='avia_textblock'  itemprop=\"text\" ><p style=\"text-align: justify;\">Nos proyectamos como una empresa solida y emprendedora, cuyo objetivo es ofrecer nuevas soluciones a sus problemas de corrosi\u00f3n y oxidaci\u00f3n, contribuyendo en la Industria para desarrollar proyectos y montajes solidos, seguros y duraderos.<\/p>\n<p style=\"text-align: justify;\">Innovando d\u00eda a d\u00eda con la mejor y mas completa l\u00ednea de productos para las mas variadas aplicaciones en los sectores Qu\u00edmico, petroqu\u00edmico, petr\u00f3leo, alimenticia y gases industriales.<\/p>\n<\/div><\/section><\/div>\n<style type=\"text\/css\" data-created_by=\"avia_inline_auto\" id=\"style-css-av-of9mx-24016f1ccf3d24311bcb9087524f2584\">\n.flex_column.av-of9mx-24016f1ccf3d24311bcb9087524f2584{\n-webkit-border-radius:0px 0px 0px 0px;\n-moz-border-radius:0px 0px 0px 0px;\nborder-radius:0px 0px 0px 0px;\npadding:0px 0px 0px 0px;\n}\n<\/style>\n<div class='flex_column av-of9mx-24016f1ccf3d24311bcb9087524f2584 av_one_half  avia-builder-el-6  el_after_av_one_half  avia-builder-el-last  flex_column_div av-animated-generic bottom-to-top av-zero-column-padding column-top-margin'     ><style type=\"text\/css\" data-created_by=\"avia_inline_auto\" id=\"style-css-av-kd6dl-7a267d751c93f3614fa48cb855f81264\">\n.avia-image-container.av-kd6dl-7a267d751c93f3614fa48cb855f81264 img.avia_image{\nbox-shadow:none;\n}\n.avia-image-container.av-kd6dl-7a267d751c93f3614fa48cb855f81264 .av-image-caption-overlay-center{\ncolor:#ffffff;\n}\n<\/style>\n<div  class='avia-image-container av-kd6dl-7a267d751c93f3614fa48cb855f81264 av-styling-no-styling avia-align-center  avia-builder-el-7  avia-builder-el-no-sibling '   itemprop=\"image\" itemscope=\"itemscope\" itemtype=\"https:\/\/schema.org\/ImageObject\" ><div class=\"avia-image-container-inner\"><div class=\"avia-image-overlay-wrap\"><img decoding=\"async\" class='wp-image-299 avia-img-lazy-loading-not-299 avia_image ' src=\"https:\/\/dicolnox.com.co\/wp-content\/uploads\/2022\/12\/industria_laminas.png\" alt='' title='industria_laminas'  height=\"533\" width=\"800\"  itemprop=\"thumbnailUrl\" srcset=\"https:\/\/dicolnox.com.co\/wp-content\/uploads\/2022\/12\/industria_laminas.png 800w, https:\/\/dicolnox.com.co\/wp-content\/uploads\/2022\/12\/industria_laminas-600x400.png 600w, https:\/\/dicolnox.com.co\/wp-content\/uploads\/2022\/12\/industria_laminas-300x200.png 300w, https:\/\/dicolnox.com.co\/wp-content\/uploads\/2022\/12\/industria_laminas-768x512.png 768w, https:\/\/dicolnox.com.co\/wp-content\/uploads\/2022\/12\/industria_laminas-705x470.png 705w, https:\/\/dicolnox.com.co\/wp-content\/uploads\/2022\/12\/industria_laminas-450x300.png 450w\" sizes=\"(max-width: 800px) 100vw, 800px\" \/><\/div><\/div><\/div><\/div><\/p>\n","protected":false},"excerpt":{"rendered":"","protected":false},"author":1,"featured_media":83,"parent":25,"menu_order":0,"comment_status":"closed","ping_status":"closed","template":"","meta":{"footnotes":""},"class_list":["post-113","page","type-page","status-publish","has-post-thumbnail","hentry"],"_links":{"self":[{"href":"https:\/\/dicolnox.com.co\/index.php\/wp-json\/wp\/v2\/pages\/113","targetHints":{"allow":["GET"]}}],"collection":[{"href":"https:\/\/dicolnox.com.co\/index.php\/wp-json\/wp\/v2\/pages"}],"about":[{"href":"https:\/\/dicolnox.com.co\/index.php\/wp-json\/wp\/v2\/types\/page"}],"author":[{"embeddable":true,"href":"https:\/\/dicolnox.com.co\/index.php\/wp-json\/wp\/v2\/users\/1"}],"replies":[{"embeddable":true,"href":"https:\/\/dicolnox.com.co\/index.php\/wp-json\/wp\/v2\/comments?post=113"}],"version-history":[{"count":2,"href":"https:\/\/dicolnox.com.co\/index.php\/wp-json\/wp\/v2\/pages\/113\/revisions"}],"predecessor-version":[{"id":300,"href":"https:\/\/dicolnox.com.co\/index.php\/wp-json\/wp\/v2\/pages\/113\/revisions\/300"}],"up":[{"embeddable":true,"href":"https:\/\/dicolnox.com.co\/index.php\/wp-json\/wp\/v2\/pages\/25"}],"wp:featuredmedia":[{"embeddable":true,"href":"https:\/\/dicolnox.com.co\/index.php\/wp-json\/wp\/v2\/media\/83"}],"wp:attachment":[{"href":"https:\/\/dicolnox.com.co\/index.php\/wp-json\/wp\/v2\/media?parent=113"}],"curies":[{"name":"wp","href":"https:\/\/api.w.org\/{rel}","templated":true}]}}