{"id":31,"date":"2015-10-21T12:34:01","date_gmt":"2015-10-21T12:34:01","guid":{"rendered":"http:\/\/test.kriesi.at\/construction\/?page_id=31"},"modified":"2023-03-30T11:45:30","modified_gmt":"2023-03-30T16:45:30","slug":"soluciones_y_servicios","status":"publish","type":"page","link":"https:\/\/dicolnox.com.co\/index.php\/soluciones_y_servicios\/","title":{"rendered":"SOLUCIONES Y SERVICIOS"},"content":{"rendered":"<p><div  class='avia-slideshow av-lbnppba3-41d407ed9ec104f486a557f1b3216494 avia-slideshow-no scaling av_slideshow avia-slide-slider  avia-builder-el-0  el_before_av_section  avia-builder-el-no-sibling  av-slideshow-ui av-control-default av-slideshow-manual av-loop-once av-loop-manual-endless av-default-height-applied avia-slideshow-1' data-slideshow-options=\"{&quot;animation&quot;:&quot;slide&quot;,&quot;autoplay&quot;:false,&quot;loop_autoplay&quot;:&quot;once&quot;,&quot;interval&quot;:5,&quot;loop_manual&quot;:&quot;manual-endless&quot;,&quot;autoplay_stopper&quot;:false,&quot;noNavigation&quot;:false,&quot;bg_slider&quot;:false,&quot;keep_padding&quot;:false,&quot;hoverpause&quot;:false,&quot;show_slide_delay&quot;:0}\"  itemprop=\"image\" itemscope=\"itemscope\" itemtype=\"https:\/\/schema.org\/ImageObject\" ><ul class='avia-slideshow-inner ' style='padding-bottom: 45.890410958904%;'><li  class='avia-slideshow-slide av-lbnppba3-41d407ed9ec104f486a557f1b3216494__0  slide-1 slide-odd'><div data-rel='slideshow-1' class='avia-slide-wrap '   ><img decoding=\"async\" class=\"wp-image-286 avia-img-lazy-loading-not-286\"  src=\"https:\/\/dicolnox.com.co\/wp-content\/uploads\/2022\/12\/FOTO-PRODUCTOS-8.png\" width=\"730\" height=\"335\" title='FOTO-PRODUCTOS-8' alt=''  itemprop=\"thumbnailUrl\" srcset=\"https:\/\/dicolnox.com.co\/wp-content\/uploads\/2022\/12\/FOTO-PRODUCTOS-8.png 730w, https:\/\/dicolnox.com.co\/wp-content\/uploads\/2022\/12\/FOTO-PRODUCTOS-8-600x275.png 600w, https:\/\/dicolnox.com.co\/wp-content\/uploads\/2022\/12\/FOTO-PRODUCTOS-8-300x138.png 300w, https:\/\/dicolnox.com.co\/wp-content\/uploads\/2022\/12\/FOTO-PRODUCTOS-8-705x324.png 705w, https:\/\/dicolnox.com.co\/wp-content\/uploads\/2022\/12\/FOTO-PRODUCTOS-8-450x207.png 450w\" sizes=\"(max-width: 730px) 100vw, 730px\" \/><\/div><\/li><li  class='avia-slideshow-slide av-lbnppba3-41d407ed9ec104f486a557f1b3216494__1  slide-2 slide-even'><div data-rel='slideshow-1' class='avia-slide-wrap '   ><img decoding=\"async\" class=\"wp-image-281 avia-img-lazy-loading-not-281\"  src=\"https:\/\/dicolnox.com.co\/wp-content\/uploads\/2022\/12\/FOTO-PRODUCTOS-9A.png\" width=\"730\" height=\"335\" title='FOTO-PRODUCTOS-9A' alt=''  itemprop=\"thumbnailUrl\" srcset=\"https:\/\/dicolnox.com.co\/wp-content\/uploads\/2022\/12\/FOTO-PRODUCTOS-9A.png 730w, https:\/\/dicolnox.com.co\/wp-content\/uploads\/2022\/12\/FOTO-PRODUCTOS-9A-600x275.png 600w, https:\/\/dicolnox.com.co\/wp-content\/uploads\/2022\/12\/FOTO-PRODUCTOS-9A-300x138.png 300w, https:\/\/dicolnox.com.co\/wp-content\/uploads\/2022\/12\/FOTO-PRODUCTOS-9A-705x324.png 705w, https:\/\/dicolnox.com.co\/wp-content\/uploads\/2022\/12\/FOTO-PRODUCTOS-9A-450x207.png 450w\" sizes=\"(max-width: 730px) 100vw, 730px\" \/><\/div><\/li><\/ul><div class='avia-slideshow-arrows avia-slideshow-controls' ><a href='#prev' class='prev-slide ' aria-hidden='true' data-av_icon='\ue87c' data-av_iconfont='entypo-fontello'  tabindex='-1'>Previous<\/a><a href='#next' class='next-slide ' aria-hidden='true' data-av_icon='\ue87d' data-av_iconfont='entypo-fontello'  tabindex='-1'>Next<\/a><\/div><div class='avia-slideshow-dots avia-slideshow-controls'><a href='#1' class='goto-slide active' >1<\/a><a href='#2' class='goto-slide ' >2<\/a><\/div><\/div><br \/>\n<\/div><\/div><\/div><!-- close content main div --><\/div><\/div><div id='av_section_1'  class='avia-section av-27qgz-067625b1a5c60f9f1ae022cb67190bcd main_color avia-section-large avia-no-border-styling  avia-builder-el-1  el_after_av_slideshow  avia-builder-el-last  avia-bg-style-scroll container_wrap sidebar_right'  ><div class='container av-section-cont-open' ><div class='template-page content  av-content-small alpha units'><div class='post-entry post-entry-type-page post-entry-31'><div class='entry-content-wrapper clearfix'>\n\n<style type=\"text\/css\" data-created_by=\"avia_inline_auto\" id=\"style-css-av-ks3qj-b76464616864a9279bec8e38a5ac756a\">\n.flex_column.av-ks3qj-b76464616864a9279bec8e38a5ac756a{\n-webkit-border-radius:0px 0px 0px 0px;\n-moz-border-radius:0px 0px 0px 0px;\nborder-radius:0px 0px 0px 0px;\npadding:0px 0px 0px 0px;\n}\n<\/style>\n<div class='flex_column av-ks3qj-b76464616864a9279bec8e38a5ac756a av_one_fourth first flex_column_div av-animated-generic bottom-to-top av-zero-column-padding '     ><\/div>\n<style type=\"text\/css\" data-created_by=\"avia_inline_auto\" id=\"style-css-av-jkh4v-512105bb51b1983437a216e1cc0f1acd\">\n.flex_column.av-jkh4v-512105bb51b1983437a216e1cc0f1acd{\n-webkit-border-radius:0px 0px 0px 0px;\n-moz-border-radius:0px 0px 0px 0px;\nborder-radius:0px 0px 0px 0px;\npadding:0px 0px 0px 0px;\n}\n<\/style>\n<div class='flex_column av-jkh4v-512105bb51b1983437a216e1cc0f1acd av_one_half flex_column_div av-animated-generic bottom-to-top av-zero-column-padding '     ><article  class='iconbox iconbox_left_content av-isi43-ed7e9bc4c73a422d0f266e2c22cb7b96'  itemscope=\"itemscope\" itemtype=\"https:\/\/schema.org\/CreativeWork\" ><div class=\"iconbox_icon heading-color\" aria-hidden='true' data-av_icon='\ue84d' data-av_iconfont='entypo-fontello'><\/div><div class=\"iconbox_content\"><header class=\"entry-content-header\"><h3 class='iconbox_content_title '  itemprop=\"headline\" >Somos<\/h3><\/header><div class='iconbox_content_container '  itemprop=\"text\" ><p style=\"text-align: justify;\">Ofrecemos una gama de productos en Acero Inoxidable y aleaciones de niquel, brindando una soluci\u00f3n r\u00e1pida y confiable a todos los sectores en la Industria Qu\u00edmica, Petroqu\u00edmica, Petr\u00f3leo, Alimentaria y Gases Industriales.<\/p>\n<p style=\"text-align: justify;\">Ponemos a su disposici\u00f3n el material adecuado para sus proyectos y\/o mantenimientos, proporcionando una Asesor\u00eda exacta y completa, permiti\u00e9ndole una elecci\u00f3n precisa de la metalurgia y\/o materiales que requiera.<\/p>\n<\/div><\/div><footer class=\"entry-footer\"><\/footer><\/article><\/div>\n<style type=\"text\/css\" data-created_by=\"avia_inline_auto\" id=\"style-css-av-hxm5j-9071c618ee2fb3d40627f06409f011db\">\n.flex_column.av-hxm5j-9071c618ee2fb3d40627f06409f011db{\n-webkit-border-radius:0px 0px 0px 0px;\n-moz-border-radius:0px 0px 0px 0px;\nborder-radius:0px 0px 0px 0px;\npadding:0px 0px 0px 0px;\n}\n<\/style>\n<div class='flex_column av-hxm5j-9071c618ee2fb3d40627f06409f011db av_one_fourth flex_column_div av-animated-generic bottom-to-top av-zero-column-padding '     ><\/div><\/div><\/div><\/div><!-- close content main div --><\/div><\/div><div id='after_section_1'  class='main_color av_default_container_wrap container_wrap sidebar_right'  ><div class='container av-section-cont-open' ><div class='template-page content  av-content-small alpha units'><div class='post-entry post-entry-type-page post-entry-31'><div class='entry-content-wrapper clearfix'><\/p>\n","protected":false},"excerpt":{"rendered":"","protected":false},"author":1,"featured_media":0,"parent":0,"menu_order":0,"comment_status":"closed","ping_status":"closed","template":"","meta":{"footnotes":""},"class_list":["post-31","page","type-page","status-publish","hentry"],"_links":{"self":[{"href":"https:\/\/dicolnox.com.co\/index.php\/wp-json\/wp\/v2\/pages\/31","targetHints":{"allow":["GET"]}}],"collection":[{"href":"https:\/\/dicolnox.com.co\/index.php\/wp-json\/wp\/v2\/pages"}],"about":[{"href":"https:\/\/dicolnox.com.co\/index.php\/wp-json\/wp\/v2\/types\/page"}],"author":[{"embeddable":true,"href":"https:\/\/dicolnox.com.co\/index.php\/wp-json\/wp\/v2\/users\/1"}],"replies":[{"embeddable":true,"href":"https:\/\/dicolnox.com.co\/index.php\/wp-json\/wp\/v2\/comments?post=31"}],"version-history":[{"count":3,"href":"https:\/\/dicolnox.com.co\/index.php\/wp-json\/wp\/v2\/pages\/31\/revisions"}],"predecessor-version":[{"id":346,"href":"https:\/\/dicolnox.com.co\/index.php\/wp-json\/wp\/v2\/pages\/31\/revisions\/346"}],"wp:attachment":[{"href":"https:\/\/dicolnox.com.co\/index.php\/wp-json\/wp\/v2\/media?parent=31"}],"curies":[{"name":"wp","href":"https:\/\/api.w.org\/{rel}","templated":true}]}}